{"id":2,"date":"2020-04-27T13:23:10","date_gmt":"2020-04-27T11:23:10","guid":{"rendered":"http:\/\/pzp-itsolutions.de\/?page_id=2"},"modified":"2024-10-28T16:27:13","modified_gmt":"2024-10-28T15:27:13","slug":"beispiel-seite","status":"publish","type":"page","link":"https:\/\/popp-itconsulting.de\/","title":{"rendered":"Home"},"content":{"rendered":"\n<p>Vielen Dank, sie befinden sich auf der Webseite der Popp IT Consulting. Wir bieten Serviceleistungen in folgenden Bereichen an:<\/p>\n\n\n\n<ul class=\"wp-block-list\"><li>Linuxsysteme (Ubuntu,Debian, Red Hat &#8230; )<\/li><li>Webprogrammierungen (JAVA, SpringBoot)<\/li><li>Python,Python3,Pandas &#8230;<\/li><li>Scripting (Bash, Powershell )<\/li><li>Cloud (Azure,AWS)<\/li><li>IaC (Terraform, ARM etc. )<\/li><li>Virtualisierungsl\u00f6sungen<\/li><\/ul>\n\n\n\n<p>Dabei greifen wir auf \u00fcber 20 Jahre Erfahrung in der IT \u00fcberwiegend mit OpenSource Produkten zur\u00fcck. Sprechen Sie auf einfach an.<\/p>\n\n\n\n<p><\/p>\n\n\n\n<p>Ihr Team von Popp IT Consulting<\/p>\n","protected":false},"excerpt":{"rendered":"<p>Vielen Dank, sie befinden sich auf der Webseite der Popp IT Consulting. Wir bieten Serviceleistungen in folgenden Bereichen an: Linuxsysteme (Ubuntu,Debian, Red Hat &#8230; ) Webprogrammierungen (JAVA, SpringBoot) Python,Python3,Pandas &#8230; Scripting (Bash, Powershell ) Cloud (Azure,AWS) IaC (Terraform, ARM etc. ) Virtualisierungsl\u00f6sungen Dabei greifen wir auf \u00fcber 20 Jahre Erfahrung in der IT \u00fcberwiegend mit&#8230;<\/p>\n","protected":false},"author":1,"featured_media":0,"parent":0,"menu_order":0,"comment_status":"closed","ping_status":"open","template":"","meta":{"footnotes":""},"class_list":["post-2","page","type-page","status-publish","hentry"],"_links":{"self":[{"href":"https:\/\/popp-itconsulting.de\/index.php\/wp-json\/wp\/v2\/pages\/2"}],"collection":[{"href":"https:\/\/popp-itconsulting.de\/index.php\/wp-json\/wp\/v2\/pages"}],"about":[{"href":"https:\/\/popp-itconsulting.de\/index.php\/wp-json\/wp\/v2\/types\/page"}],"author":[{"embeddable":true,"href":"https:\/\/popp-itconsulting.de\/index.php\/wp-json\/wp\/v2\/users\/1"}],"replies":[{"embeddable":true,"href":"https:\/\/popp-itconsulting.de\/index.php\/wp-json\/wp\/v2\/comments?post=2"}],"version-history":[{"count":4,"href":"https:\/\/popp-itconsulting.de\/index.php\/wp-json\/wp\/v2\/pages\/2\/revisions"}],"predecessor-version":[{"id":38,"href":"https:\/\/popp-itconsulting.de\/index.php\/wp-json\/wp\/v2\/pages\/2\/revisions\/38"}],"wp:attachment":[{"href":"https:\/\/popp-itconsulting.de\/index.php\/wp-json\/wp\/v2\/media?parent=2"}],"curies":[{"name":"wp","href":"https:\/\/api.w.org\/{rel}","templated":true}]}}